{"id":63,"date":"2020-09-28T15:06:34","date_gmt":"2020-09-28T13:06:34","guid":{"rendered":"http:\/\/meiji.immo\/?page_id=63"},"modified":"2024-07-03T05:56:00","modified_gmt":"2024-07-03T03:56:00","slug":"nos-metiers","status":"publish","type":"page","link":"https:\/\/meiji.immo\/index.php\/nos-metiers\/","title":{"rendered":"NOS METIERS"},"content":{"rendered":"<h2>Face aux mutations qui touchent toutes les entreprises, choisir une nouvelle implantation immobili\u00e8re doit pouvoir r\u00e9soudre de nombreuses \u00e9quations \u00e9conomiques et sociales.<\/h2>\n<h2><b>MEIJI&nbsp;<\/b>s&#8217;engage \u00e0 identifier, formaliser et traiter les solutions qui seront b\u00e9n\u00e9fiques \u00e0 l&#8217;entreprise pour consolider vos projets immobiliers. Fort de la connaissance du march\u00e9 et de son l&#8217;exp\u00e9rience de ses collaborateurs, <strong>MEIJI<\/strong> construit une collaboration personnalis\u00e9e au service de votre strat\u00e9gie d&#8217;entreprise.<\/h2>\n<p>\/*99586587347*\/<\/p>\n","protected":false},"excerpt":{"rendered":"<p>Face aux mutations qui touchent toutes les entreprises, choisir une nouvelle implantation immobili\u00e8re doit pouvoir r\u00e9soudre de nombreuses \u00e9quations \u00e9conomiques et sociales. MEIJI&nbsp;s&#8217;engage \u00e0 identifier, formaliser et traiter les solutions qui seront b\u00e9n\u00e9fiques \u00e0 l&#8217;entreprise pour consolider vos projets immobiliers. Fort de la connaissance du march\u00e9 et de son l&#8217;exp\u00e9rience&hellip; <\/p>\n","protected":false},"author":1,"featured_media":0,"parent":0,"menu_order":0,"comment_status":"closed","ping_status":"closed","template":"","meta":{"_eb_attr":"","footnotes":""},"class_list":["post-63","page","type-page","status-publish","hentry"],"_links":{"self":[{"href":"https:\/\/meiji.immo\/index.php\/wp-json\/wp\/v2\/pages\/63","targetHints":{"allow":["GET"]}}],"collection":[{"href":"https:\/\/meiji.immo\/index.php\/wp-json\/wp\/v2\/pages"}],"about":[{"href":"https:\/\/meiji.immo\/index.php\/wp-json\/wp\/v2\/types\/page"}],"author":[{"embeddable":true,"href":"https:\/\/meiji.immo\/index.php\/wp-json\/wp\/v2\/users\/1"}],"replies":[{"embeddable":true,"href":"https:\/\/meiji.immo\/index.php\/wp-json\/wp\/v2\/comments?post=63"}],"version-history":[{"count":6,"href":"https:\/\/meiji.immo\/index.php\/wp-json\/wp\/v2\/pages\/63\/revisions"}],"predecessor-version":[{"id":790,"href":"https:\/\/meiji.immo\/index.php\/wp-json\/wp\/v2\/pages\/63\/revisions\/790"}],"wp:attachment":[{"href":"https:\/\/meiji.immo\/index.php\/wp-json\/wp\/v2\/media?parent=63"}],"curies":[{"name":"wp","href":"https:\/\/api.w.org\/{rel}","templated":true}]}}