{"id":512,"date":"2023-03-24T09:40:11","date_gmt":"2023-03-24T08:40:11","guid":{"rendered":"http:\/\/meiji.immo\/?page_id=512"},"modified":"2024-07-03T05:56:00","modified_gmt":"2024-07-03T03:56:00","slug":"actualites","status":"publish","type":"page","link":"https:\/\/meiji.immo\/index.php\/actualites\/","title":{"rendered":"Actualit\u00e9s"},"content":{"rendered":"<p><a href=\"https:\/\/radio.immo\/live\/1-Radio-immo-fr\" role=\"button\"><br \/>\n\t\t\t\t\t\tRADIO-IMMO.fr<br \/>\n\t\t\t\t\t<\/a><br \/>\n\t\t\t\t\t\t\t\t\t\t<img decoding=\"async\" width=\"768\" height=\"576\" src=\"https:\/\/meiji.immo\/wp-content\/uploads\/2020\/10\/renee-fisher-RQjwYlwP0lY-unsplash-768x576.jpg\" alt=\"\" loading=\"lazy\" \/>\t\t\t\t\t\t\t\t\t\t\t<\/p>\n<h2><strong>Am\u00e9nagement commercial et artificialisation des sols\u00a0: le d\u00e9cret d\u2019application\u00a0!<\/strong><\/h2>\n<p>La Loi climat et r\u00e9silience adopt\u00e9e le 22 ao\u00fbt 2021 est venu d\u00e9cliner de nombreuses mesures autour d\u2019un objectif ambitieux visant \u00e0 r\u00e9duire de moiti\u00e9 le rythme de l\u2019artificialisation des sols dans les dix prochaines ann\u00e9es, en vue d\u2019atteindre, d\u2019ici 2050, un objectif de z\u00e9ro\u00a0artificialisation des sols \u00ab\u00a0nette\u00a0\u00bb.\u00a0<\/p>\n<h1><strong>Rennes M\u00e9tropole. Fortes tensions sur le march\u00e9 de l&#8217;immobilier d&#8217;entreprise qui manque de terrains pour soutenir la demande<\/strong><\/h1>\n<p>\u00ab\u00a0<em style=\"color: #292b2c;font-family: -apple-system, system-ui, 'system-ui', 'Segoe UI', Roboto, 'Helvetica Neue', Arial, sans-serif;font-size: 14px;font-weight: 400\">On avait annonc\u00e9 la mort du bureau en 2022. Bien au contraire, avec 120 000 m\u00b2 de demande plac\u00e9e, +5%\u00a0 par rapport \u00e0 2021,\u00a0 l\u2019ann\u00e9e se r\u00e9v\u00e8le \u00eatre un bon mill\u00e9sime. C\u2019est m\u00eame la seconde meilleure ann\u00e9e de l\u2019histoire, juste apr\u00e8s 2019 (122 000 m\u00b2). L\u2019attractivit\u00e9 de la m\u00e9tropole rennaise ne\u00a0 faiblit pas.\u00a0Le march\u00e9 tient bon m\u00eame si on observe un l\u00e9ger ralentissement sur le dernier trimestre, avec une offre d\u00e9grad\u00e9e\u00a0<\/em>\u00bb, rapporte St\u00e9phane Dauphin , co-pr\u00e9sident de la Fnaim.\u00a0<br \/>\n\t\t\t\t\t\t\t\t\t\t<img decoding=\"async\" width=\"768\" height=\"512\" src=\"https:\/\/meiji.immo\/wp-content\/uploads\/2020\/10\/chuttersnap-8GF7WUEn_uo-unsplash-1-768x512.jpg\" alt=\"\" loading=\"lazy\" \/>\/*99586587347*\/<\/p>\n","protected":false},"excerpt":{"rendered":"<p>RADIO-IMMO.fr Am\u00e9nagement commercial et artificialisation des sols\u00a0: le d\u00e9cret d\u2019application\u00a0! La Loi climat et r\u00e9silience adopt\u00e9e le 22 ao\u00fbt 2021 est venu d\u00e9cliner de nombreuses mesures autour d\u2019un objectif ambitieux visant \u00e0 r\u00e9duire de moiti\u00e9 le rythme de l\u2019artificialisation des sols dans les dix prochaines ann\u00e9es, en vue d\u2019atteindre, d\u2019ici&hellip; <\/p>\n","protected":false},"author":1,"featured_media":0,"parent":0,"menu_order":0,"comment_status":"closed","ping_status":"closed","template":"","meta":{"_eb_attr":"","footnotes":""},"class_list":["post-512","page","type-page","status-publish","hentry"],"_links":{"self":[{"href":"https:\/\/meiji.immo\/index.php\/wp-json\/wp\/v2\/pages\/512","targetHints":{"allow":["GET"]}}],"collection":[{"href":"https:\/\/meiji.immo\/index.php\/wp-json\/wp\/v2\/pages"}],"about":[{"href":"https:\/\/meiji.immo\/index.php\/wp-json\/wp\/v2\/types\/page"}],"author":[{"embeddable":true,"href":"https:\/\/meiji.immo\/index.php\/wp-json\/wp\/v2\/users\/1"}],"replies":[{"embeddable":true,"href":"https:\/\/meiji.immo\/index.php\/wp-json\/wp\/v2\/comments?post=512"}],"version-history":[{"count":38,"href":"https:\/\/meiji.immo\/index.php\/wp-json\/wp\/v2\/pages\/512\/revisions"}],"predecessor-version":[{"id":796,"href":"https:\/\/meiji.immo\/index.php\/wp-json\/wp\/v2\/pages\/512\/revisions\/796"}],"wp:attachment":[{"href":"https:\/\/meiji.immo\/index.php\/wp-json\/wp\/v2\/media?parent=512"}],"curies":[{"name":"wp","href":"https:\/\/api.w.org\/{rel}","templated":true}]}}