{"id":44,"date":"2020-09-28T14:27:20","date_gmt":"2020-09-28T12:27:20","guid":{"rendered":"http:\/\/meiji.immo\/?page_id=44"},"modified":"2024-07-03T05:56:00","modified_gmt":"2024-07-03T03:56:00","slug":"qui-sommes-nous","status":"publish","type":"page","link":"https:\/\/meiji.immo\/","title":{"rendered":"Qui sommes nous ?"},"content":{"rendered":"<h1 style=\"text-align: center\"><strong>MEIJI IMMO&nbsp;<\/strong>vous accompagne dans les diff\u00e9rentes \u00e9tapes de votre strat\u00e9gie immobili\u00e8re<\/h1>\n<p><img decoding=\"async\" width=\"225\" height=\"300\" src=\"https:\/\/meiji.immo\/wp-content\/uploads\/2023\/03\/jmb-225x300.jpg\" alt=\"\" loading=\"lazy\"><\/p>\n<h4><strong>Jean Michel BLANCHARD &#8211;&nbsp;<\/strong><strong>Dirigeant&nbsp;<\/strong><\/h4>\n<p><em>&#8220;Apr\u00e8s un parcours professionnel riche au sein de grands groupes, je mets mon exp\u00e9rience &nbsp; au service du client afin de trouver une solution immobili\u00e8re dans une relation de confiance et durable . &nbsp;Nous r\u00e9pondons aux besoins et attentes des clients dans les diff\u00e9rents missions confi\u00e9es&#8221; :<\/em><\/p>\n<p><em><strong>D\u00e9veloppement d&#8217;enseignes :<\/strong> de la prospection jusqu&#8217;au suivi des n\u00e9gociations juridiques et financi\u00e8res<\/em><\/p>\n<p><em><strong>Transactions immobili\u00e8res :<\/strong> vente ou acquisition de portefeuilles ou b\u00e2timent solo ( membre FNAIM)&nbsp;<\/em><\/p>\n<p><em><strong>Le conseil , l&#8217;assistance (AMO) :<\/strong> accompagnement et suivi d&#8217;un projet de construction &nbsp;depuis sa programmation jusqu&#8217;\u00e0 sa livraison en appui du ma\u00eetre d&#8217;ouvrage&nbsp;<\/em>\/*99586587347*\/<\/p>\n","protected":false},"excerpt":{"rendered":"<p>MEIJI IMMO&nbsp;vous accompagne dans les diff\u00e9rentes \u00e9tapes de votre strat\u00e9gie immobili\u00e8re Jean Michel BLANCHARD &#8211;&nbsp;Dirigeant&nbsp; &#8220;Apr\u00e8s un parcours professionnel riche au sein de grands groupes, je mets mon exp\u00e9rience &nbsp; au service du client afin de trouver une solution immobili\u00e8re dans une relation de confiance et durable . &nbsp;Nous r\u00e9pondons&hellip; <\/p>\n","protected":false},"author":1,"featured_media":0,"parent":0,"menu_order":0,"comment_status":"closed","ping_status":"closed","template":"","meta":{"_eb_attr":"","footnotes":""},"class_list":["post-44","page","type-page","status-publish","hentry"],"_links":{"self":[{"href":"https:\/\/meiji.immo\/index.php\/wp-json\/wp\/v2\/pages\/44","targetHints":{"allow":["GET"]}}],"collection":[{"href":"https:\/\/meiji.immo\/index.php\/wp-json\/wp\/v2\/pages"}],"about":[{"href":"https:\/\/meiji.immo\/index.php\/wp-json\/wp\/v2\/types\/page"}],"author":[{"embeddable":true,"href":"https:\/\/meiji.immo\/index.php\/wp-json\/wp\/v2\/users\/1"}],"replies":[{"embeddable":true,"href":"https:\/\/meiji.immo\/index.php\/wp-json\/wp\/v2\/comments?post=44"}],"version-history":[{"count":36,"href":"https:\/\/meiji.immo\/index.php\/wp-json\/wp\/v2\/pages\/44\/revisions"}],"predecessor-version":[{"id":789,"href":"https:\/\/meiji.immo\/index.php\/wp-json\/wp\/v2\/pages\/44\/revisions\/789"}],"wp:attachment":[{"href":"https:\/\/meiji.immo\/index.php\/wp-json\/wp\/v2\/media?parent=44"}],"curies":[{"name":"wp","href":"https:\/\/api.w.org\/{rel}","templated":true}]}}