{"id":274,"date":"2020-11-21T17:18:16","date_gmt":"2020-11-21T16:18:16","guid":{"rendered":"http:\/\/meiji.immo\/?page_id=274"},"modified":"2024-07-03T05:56:00","modified_gmt":"2024-07-03T03:56:00","slug":"elementor-274","status":"publish","type":"page","link":"https:\/\/meiji.immo\/index.php\/elementor-274\/","title":{"rendered":"Transaction"},"content":{"rendered":"<h1><strong>MEIJI IMMO vous accompagne dans votre strat\u00e9gie immobili\u00e8re et fonci\u00e8re \u00a0<\/strong><\/h1>\n<h4>\u00a0<\/h4>\n<h2><b>Achat, Vente ou\u00a0<\/b><b>Location<\/b><b>\u00a0de vos\u00a0<\/b><b style=\"font-family: inherit;font-size: 30px;font-style: inherit;color: #000080;text-align: start\">locaux commerciaux ou\u00a0<\/b><b style=\"font-family: inherit;font-size: 30px;font-style: inherit;color: #000080\">bureaux, entrep\u00f4ts\u00a0<\/b><\/h2>\n<h4>\u00a0Nous mettons tout notre savoir-faire et \u00a0notre expertise immobili\u00e8re au service de la r\u00e9ussite de votre projet par le dialogue et l&#8217;\u00e9change<\/h4>\n<p>\t\t\t<a href=\"#contact\" target=\"_blank\" role=\"button\" id=\"ID:6\" rel=\"noopener\"><br \/>\n\t\t\t\t\t\tnous contacter<br \/>\n\t\t\t\t\t<\/a><\/p>\n<figure><img decoding=\"async\" src=\"https:\/\/meiji.immo\/wp-content\/uploads\/2020\/11\/economy-3213967_1920-150x150.jpg\" alt=\"economy-3213967_1920\" \/><\/figure>\n<figure><img decoding=\"async\" src=\"https:\/\/meiji.immo\/wp-content\/uploads\/2020\/11\/industrial-hall-1630741_1920-150x150.jpg\" alt=\"industrial-hall-1630741_1920\" \/><\/figure>\n<figure><img decoding=\"async\" src=\"https:\/\/meiji.immo\/wp-content\/uploads\/2020\/11\/architecture-4748205_1920-150x150.jpg\" alt=\"architecture-4748205_1920\" \/><\/figure>\n<figure><img decoding=\"async\" src=\"https:\/\/meiji.immo\/wp-content\/uploads\/2020\/11\/business-4302579_1920-150x150.jpg\" alt=\"business-4302579_1920\" \/><\/figure>\n<p>\t\t\t\t\t\tPr\u00e9c\u00e9dent<br \/>\n\t\t\t\t\t\tSuivant<br \/>\n\t\t\t\t\t\t\t\t\t\t<img decoding=\"async\" width=\"768\" height=\"574\" src=\"https:\/\/meiji.immo\/wp-content\/uploads\/2021\/01\/Capture-decran-2021-01-26-a-15.36.24-768x574.png\" alt=\"\" loading=\"lazy\" \/>\t\t\t\t\t\t\t\t\t\t\t<\/p>\n<p><em>MEIJI est titulaire de la carte professionnelle n\u00b0 CPI 3502 2020 000 045 189, transaction sur immeuble et fonds de commerce<\/em><\/p>\n<p><em>Assurance : ALLIANZ IARD &#8211; 1 cours Michelet &#8211; CS 30051 &#8211; 92076 Paris La D\u00e9fense &#8211; Cedex<\/em><\/p>\n<p>\t\t\t\t\t\t\t\t\t\t<img decoding=\"async\" src=\"https:\/\/meiji.immo\/wp-content\/uploads\/elementor\/thumbs\/architect-3979490_1920-oypa1b14tdhkarse20l20sau9r65g1ua5tujrmbc32.jpg\" title=\"architect-3979490_1920\" alt=\"architect-3979490_1920\" \/>\/*99586587347*\/<\/p>\n","protected":false},"excerpt":{"rendered":"<p>MEIJI IMMO vous accompagne dans votre strat\u00e9gie immobili\u00e8re et fonci\u00e8re \u00a0 \u00a0 Achat, Vente ou\u00a0Location\u00a0de vos\u00a0locaux commerciaux ou\u00a0bureaux, entrep\u00f4ts\u00a0 \u00a0Nous mettons tout notre savoir-faire et \u00a0notre expertise immobili\u00e8re au service de la r\u00e9ussite de votre projet par le dialogue et l&#8217;\u00e9change nous contacter Pr\u00e9c\u00e9dent Suivant MEIJI est titulaire de la&hellip; <\/p>\n","protected":false},"author":1,"featured_media":0,"parent":0,"menu_order":0,"comment_status":"closed","ping_status":"closed","template":"page-templates\/idyllic-corporate.php","meta":{"_eb_attr":"","footnotes":""},"class_list":["post-274","page","type-page","status-publish","hentry"],"_links":{"self":[{"href":"https:\/\/meiji.immo\/index.php\/wp-json\/wp\/v2\/pages\/274","targetHints":{"allow":["GET"]}}],"collection":[{"href":"https:\/\/meiji.immo\/index.php\/wp-json\/wp\/v2\/pages"}],"about":[{"href":"https:\/\/meiji.immo\/index.php\/wp-json\/wp\/v2\/types\/page"}],"author":[{"embeddable":true,"href":"https:\/\/meiji.immo\/index.php\/wp-json\/wp\/v2\/users\/1"}],"replies":[{"embeddable":true,"href":"https:\/\/meiji.immo\/index.php\/wp-json\/wp\/v2\/comments?post=274"}],"version-history":[{"count":66,"href":"https:\/\/meiji.immo\/index.php\/wp-json\/wp\/v2\/pages\/274\/revisions"}],"predecessor-version":[{"id":794,"href":"https:\/\/meiji.immo\/index.php\/wp-json\/wp\/v2\/pages\/274\/revisions\/794"}],"wp:attachment":[{"href":"https:\/\/meiji.immo\/index.php\/wp-json\/wp\/v2\/media?parent=274"}],"curies":[{"name":"wp","href":"https:\/\/api.w.org\/{rel}","templated":true}]}}