{"id":19,"date":"2020-09-28T14:55:31","date_gmt":"2020-09-28T12:55:31","guid":{"rendered":"http:\/\/meiji.immo\/?page_id=19"},"modified":"2024-07-03T05:56:00","modified_gmt":"2024-07-03T03:56:00","slug":"les-valeurs","status":"publish","type":"page","link":"https:\/\/meiji.immo\/index.php\/les-valeurs\/","title":{"rendered":"Les Valeurs"},"content":{"rendered":"<h3>\n\t\t\t\t\tPROXIMITE<br \/>\n\t\t\t\t<\/h3>\n<h3><strong>Entreprise \u00e0 taille humaine, MEIJI IMMO place la proximit\u00e9 et la relation client au c\u0153ur de son travail.<\/strong><\/h3>\n<h3>\n\t\t\t\t\tCONFIANCE<br \/>\n\t\t\t\t<\/h3>\n<h3><strong>MEIJI IMMO \u00e9tudiera votre projet dans le respect de la confidentialit\u00e9 et de la d\u00e9ontologie du m\u00e9tier.<\/strong><\/h3>\n<h3>\n\t\t\t\t\tEXPERTISE<br \/>\n\t\t\t\t<\/h3>\n<h3><strong>Une connaissance parfaite et exhaustive du march\u00e9 permettant d\u2019apporter les solutions les plus appropri\u00e9es.\u200b<\/strong><\/h3>\n<p>\/*99586587347*\/<\/p>\n","protected":false},"excerpt":{"rendered":"<p>PROXIMITE Entreprise \u00e0 taille humaine, MEIJI IMMO place la proximit\u00e9 et la relation client au c\u0153ur de son travail. CONFIANCE MEIJI IMMO \u00e9tudiera votre projet dans le respect de la confidentialit\u00e9 et de la d\u00e9ontologie du m\u00e9tier. EXPERTISE Une connaissance parfaite et exhaustive du march\u00e9 permettant d\u2019apporter les solutions les&hellip; <\/p>\n","protected":false},"author":1,"featured_media":0,"parent":0,"menu_order":0,"comment_status":"closed","ping_status":"closed","template":"elementor_header_footer","meta":{"_eb_attr":"","footnotes":""},"class_list":["post-19","page","type-page","status-publish","hentry"],"_links":{"self":[{"href":"https:\/\/meiji.immo\/index.php\/wp-json\/wp\/v2\/pages\/19","targetHints":{"allow":["GET"]}}],"collection":[{"href":"https:\/\/meiji.immo\/index.php\/wp-json\/wp\/v2\/pages"}],"about":[{"href":"https:\/\/meiji.immo\/index.php\/wp-json\/wp\/v2\/types\/page"}],"author":[{"embeddable":true,"href":"https:\/\/meiji.immo\/index.php\/wp-json\/wp\/v2\/users\/1"}],"replies":[{"embeddable":true,"href":"https:\/\/meiji.immo\/index.php\/wp-json\/wp\/v2\/comments?post=19"}],"version-history":[{"count":23,"href":"https:\/\/meiji.immo\/index.php\/wp-json\/wp\/v2\/pages\/19\/revisions"}],"predecessor-version":[{"id":788,"href":"https:\/\/meiji.immo\/index.php\/wp-json\/wp\/v2\/pages\/19\/revisions\/788"}],"wp:attachment":[{"href":"https:\/\/meiji.immo\/index.php\/wp-json\/wp\/v2\/media?parent=19"}],"curies":[{"name":"wp","href":"https:\/\/api.w.org\/{rel}","templated":true}]}}